{"id":12,"date":"2012-12-14T23:12:00","date_gmt":"2012-12-14T22:12:00","guid":{"rendered":"http:\/\/127.0.0.1\/?page_id=12"},"modified":"2024-08-22T21:18:18","modified_gmt":"2024-08-22T19:18:18","slug":"chi-sono","status":"publish","type":"page","link":"https:\/\/www.roccopoliti.it\/?page_id=12","title":{"rendered":"Chi Sono"},"content":{"rendered":"<div class=\"wp-block-image\">\n<figure class=\"alignleft\"><a href=\"http:\/\/www.roccopoliti.it\/?attachment_id=47\" rel=\"attachment wp-att-47\"><img loading=\"lazy\" decoding=\"async\" width=\"300\" height=\"225\" src=\"http:\/\/www.roccopoliti.it\/wp-content\/uploads\/2012\/12\/copertina-intervista250cbc2fecd890-300x225.png\" alt=\"Immagine di Profilo\" class=\"wp-image-47\" srcset=\"https:\/\/www.roccopoliti.it\/wp-content\/uploads\/2012\/12\/copertina-intervista250cbc2fecd890-300x225.png 300w, https:\/\/www.roccopoliti.it\/wp-content\/uploads\/2012\/12\/copertina-intervista250cbc2fecd890-160x120.png 160w, https:\/\/www.roccopoliti.it\/wp-content\/uploads\/2012\/12\/copertina-intervista250cbc2fecd890.png 625w\" sizes=\"auto, (max-width: 300px) 100vw, 300px\" \/><\/a><figcaption class=\"wp-element-caption\">Immagine di Profilo<\/figcaption><\/figure>\n<\/div>\n\n\n<p><span style=\"font-family: Arial, sans-serif;\"><span style=\"font-size: large;\">Mi hanno fatto conoscere i testimoni di Geova quando avevo 10 anni (mia moglie ne aveva 5) e seguendo la famiglia li ho frequentati e ne ho fatto parte per 40 lunghi anni.<\/span><\/span><\/p>\n\n\n\n<p><span style=\"font-family: Arial, sans-serif;\"><span style=\"font-size: large;\">Hanno manipolato quasi tutta la mia vita.<\/span><\/span><\/p>\n\n\n\n<p><span style=\"font-family: Arial, sans-serif;\"><span style=\"font-size: large;\">Ho iniziato come interessato, cosi veniva identificato colui che iniziava a studiare, poi iscritto alla scuola di ministero teocratico (una continua preparazione su cosa e come predicare di casa in casa), poi promosso a proclamatore, quindi pronto per andare di casa in casa.<\/span><\/span><\/p>\n\n\n\n<p><span style=\"font-family: Arial, sans-serif;\"><span style=\"font-size: large;\">Battezzato, sposato nella loro comunit\u00e0, servitore di ministero (una specie di diacono), il pi\u00f9 giovane anziano a 23 anni (una specie di vescovo), conduttore della scuola di ministero teocratico, conduttore della rivista torre di guardia, segretario, contabile, sorvegliante che presiede, responsabile del comitato assistenza sanitaria, formazione dai relativi seminari (un capillare metodo di acquisizione di medici che acconsentivano di operare senza sangue, e relativa cura dei fratelli ricoverati provenienti da tutta Italia e dall\u2019estero), membro dei comitati giudiziari locali e speciali in altre citt\u00e0 (un vero e proprio tribunale interno alla congregazione ), contabile nelle assemblee di circoscrizione e di distretto.<\/span><\/span><\/p>\n\n\n\n<p><span style=\"font-family: Arial, sans-serif;\"><span style=\"font-size: large;\">Addetto stampa, sindaco mandatario per gli oneri di urbanizzazione e contatto con i Comuni per la costruzione delle sale del regno.<\/span><\/span><\/p>\n\n\n\n<p><span style=\"font-family: Arial, sans-serif;\"><span style=\"font-size: large;\">Oratore qualificato per matrimoni e funerali, regista di drammi biblici e tanti altri incarichi, che citar\u00f2 nell&#8217;interno del blog\u2026..<\/span><\/span><\/p>\n\n\n\n<p><span style=\"font-family: Arial, sans-serif;\"><span style=\"font-size: large;\">NON ERO UN ESSERE UMANO NORMALE.<\/span><\/span><\/p>\n\n\n\n<p><span style=\"font-family: Arial, sans-serif;\"><span style=\"font-size: large;\">NON MI HANNO MAI PERMESSO DI ESSERLO.<\/span><\/span><\/p>\n\n\n\n<p><span style=\"font-family: Arial, sans-serif;\"><span style=\"font-size: large;\">LA GUARIGIONE E\u2019 DOLOROSISSIMA.<\/span><\/span><\/p>\n\n\n\n<p><span style=\"font-family: Arial, sans-serif;\"><span style=\"font-size: large;\">Sono stato plagiato e manipolato mentalmente, e da plagiato mi hanno insegnato a diventare un esperto plagiatore, da manipolato mentalmente sono stato istruito a diventare un esperto manipolatore delle menti.<\/span><\/span><\/p>\n\n\n\n<p><span style=\"font-family: Arial, sans-serif;\"><span style=\"font-size: large;\">Poi un giorno all\u2019improvviso una spada di Damocle colpisce la mia famiglia (una storia sconvolgente che potete trovare nel&nbsp; blog) e come conseguenza sono stato disassociato, dopo aver subito una aberrante inquisizione durata 50 ore di giudizio.<\/span><\/span><\/p>\n\n\n\n<p><span style=\"font-family: Arial, sans-serif;\"><span style=\"font-size: large;\">La mia famiglia ha lasciato l&#8217;organizzazione dissociandosi e insieme siamo fuggiti verso la libert\u00e0.<\/span><\/span><\/p>\n\n\n\n<p><span style=\"font-family: Arial, sans-serif;\"><span style=\"font-size: large;\">Una volta fuori da quella prigionia, abbiamo vissuto 12 anni trascorsi a disintossicarci, a nascere nuovamente, a crescere e imparare a decidere da esseri umani LIBERI.<\/span><\/span><\/p>\n\n\n\n<p><span style=\"font-family: Arial, sans-serif;\"><span style=\"font-size: large;\">12 anni di inattivit\u00e0 totale ci hanno permesso di disintossicarci, e iniziare un nuovo percorso un nuovo cammino.<\/span><\/span><\/p>\n\n\n\n<p><span style=\"font-family: Arial, sans-serif;\"><span style=\"font-size: large;\">Poche righe non possono rendere il senso di 40 anni di schiavit\u00f9 psicologica e spirituale, vorrei poter fare molto di pi\u00f9 per far conoscere a pi\u00f9 persone, cosa ci \u00e8 stato fatto nel nome di un Dio.<\/span><\/span><\/p>\n\n\n\n<p><span style=\"font-family: Arial, sans-serif;\"><span style=\"font-size: large;\">Per questo nasce l&#8217;associazione Quo Vadis a.p.s.: per far conoscere attraverso la nostra esperienza come E\u2019 POSSIBILE AVERE LA PROPRIA ESISTENZA ROVINATA DA UNA MODERNA ORGANIZZAZIONE MILIARDARIA AMERICANA, MA SOPRATUTTO FAR SAPERE CHE E&#8217; POSSIBILE RIPRENDERSI LA PROPRIA LIBERTA&#8217; E TORNARE A VIVERE. (www.quovadisaps.com)<\/span><\/span><\/p>\n\n\n\n<p><\/p>\n","protected":false},"excerpt":{"rendered":"<p>Mi hanno fatto conoscere i testimoni di Geova quando avevo 10 anni (mia moglie ne aveva 5) e seguendo la famiglia li ho frequentati e ne ho fatto parte per 40 lunghi anni. Hanno manipolato quasi tutta la mia vita. Ho iniziato come interessato, cosi veniva identificato colui che iniziava a studiare, poi iscritto alla [&hellip;]<\/p>\n","protected":false},"author":1,"featured_media":0,"parent":0,"menu_order":0,"comment_status":"closed","ping_status":"closed","template":"full-width-page.php","meta":{"footnotes":""},"class_list":["post-12","page","type-page","status-publish","hentry"],"_links":{"self":[{"href":"https:\/\/www.roccopoliti.it\/index.php?rest_route=\/wp\/v2\/pages\/12","targetHints":{"allow":["GET"]}}],"collection":[{"href":"https:\/\/www.roccopoliti.it\/index.php?rest_route=\/wp\/v2\/pages"}],"about":[{"href":"https:\/\/www.roccopoliti.it\/index.php?rest_route=\/wp\/v2\/types\/page"}],"author":[{"embeddable":true,"href":"https:\/\/www.roccopoliti.it\/index.php?rest_route=\/wp\/v2\/users\/1"}],"replies":[{"embeddable":true,"href":"https:\/\/www.roccopoliti.it\/index.php?rest_route=%2Fwp%2Fv2%2Fcomments&post=12"}],"version-history":[{"count":23,"href":"https:\/\/www.roccopoliti.it\/index.php?rest_route=\/wp\/v2\/pages\/12\/revisions"}],"predecessor-version":[{"id":32161,"href":"https:\/\/www.roccopoliti.it\/index.php?rest_route=\/wp\/v2\/pages\/12\/revisions\/32161"}],"wp:attachment":[{"href":"https:\/\/www.roccopoliti.it\/index.php?rest_route=%2Fwp%2Fv2%2Fmedia&parent=12"}],"curies":[{"name":"wp","href":"https:\/\/api.w.org\/{rel}","templated":true}]}}